{"id":57,"date":"2022-05-21T07:34:23","date_gmt":"2022-05-21T07:34:23","guid":{"rendered":"https:\/\/rueger-immobilien.de\/?page_id=57"},"modified":"2022-06-03T09:16:47","modified_gmt":"2022-06-03T09:16:47","slug":"impressum","status":"publish","type":"page","link":"https:\/\/rueger-immobilien.de\/?page_id=57","title":{"rendered":"Impressum"},"content":{"rendered":"<p>[et_pb_section fb_built=&#8220;1&#8243; _builder_version=&#8220;4.16&#8243; global_colors_info=&#8220;{}&#8220;][et_pb_row _builder_version=&#8220;4.16&#8243; background_size=&#8220;initial&#8220; background_position=&#8220;top_left&#8220; background_repeat=&#8220;repeat&#8220; global_colors_info=&#8220;{}&#8220;][et_pb_column type=&#8220;4_4&#8243; _builder_version=&#8220;4.16&#8243; custom_padding=&#8220;|||&#8220; global_colors_info=&#8220;{}&#8220; custom_padding__hover=&#8220;|||&#8220;][et_pb_text admin_label=&#8220;Text&#8220; _builder_version=&#8220;4.16&#8243; background_size=&#8220;initial&#8220; background_position=&#8220;top_left&#8220; background_repeat=&#8220;repeat&#8220; global_colors_info=&#8220;{}&#8220;]<\/p>\n<h2><strong>Impressum<\/strong><\/h2>\n<p>[\/et_pb_text][\/et_pb_column][\/et_pb_row][et_pb_row _builder_version=&#8220;4.17.4&#8243; _module_preset=&#8220;default&#8220; global_colors_info=&#8220;{}&#8220;][et_pb_column type=&#8220;4_4&#8243; _builder_version=&#8220;4.17.4&#8243; _module_preset=&#8220;default&#8220; global_colors_info=&#8220;{}&#8220;][et_pb_text _builder_version=&#8220;4.17.4&#8243; _module_preset=&#8220;default&#8220; global_colors_info=&#8220;{}&#8220;]<\/p>\n<h4>R\u00fcger Immobilien<\/h4>\n<p>Inhaberin: Claudia R\u00fcger<\/p>\n<p>Isl\u00e4ndische Stra\u00dfe 2a<\/p>\n<p>10439 Berlin<\/p>\n<p>Telefon: 0049 30 39886294\u00a0<\/p>\n<p>E-mail: <span style=\"color: #000000;\"><a href=\"mailto:info@rueger-immobilien.de\" style=\"color: #000000;\">info@rueger-immobilien.de<\/a><\/span><\/p>\n<p><span style=\"color: #000000;\">\u00a0<\/span><\/p>\n<p><strong>Umsatzsteueridentifikationsnummer:<\/strong><\/p>\n<p>DE235878751<\/p>\n<p>&nbsp;<\/p>\n<p><strong>Zust\u00e4ndige Aufsichtsbeh\u00f6rde:<\/strong><\/p>\n<p>Die Gewerbeerlaubnis gem. \u00a734 c GewO wurde erteilt durch das Bezirksamt<\/p>\n<p>Pankow von Berlin, Ordnungsamt, Fr\u00f6belstra\u00dfe 17, Haus 6, 10405 Berlin<\/p>\n<p><strong>\u00a0<\/strong><\/p>\n<p><strong>Verbraucherinformationen:<\/strong><br \/>Online-Streitbeilegung gem\u00e4\u00df Art. 14 Abs. 1 ODR-VO und \u00a7 36 VSBG: Die Europ\u00e4ische Kommission stellt eine Plattform zur Online-Streitbeilegung (OS) bereit, die Sie hier finden:\u00a0<a href=\"http:\/\/ec.europa.eu\/consumers\/odr\">ec.europa.eu\/consumers\/odr<\/a><\/p>\n<p>Zur Teilnahme an einem Streitbeilegungsverfahren vor einer Verbraucherschlichtungsstelle bin ich nicht verpflichtet und grunds\u00e4tzlich nicht bereit.<\/p>\n<p>&nbsp;<\/p>\n<p><strong>Foto Credit<\/strong><\/p>\n<p>Die Fotografen sind in der Bildunterschrift mit einer Nummer gekennzeichnet:<\/p>\n<p>1 \u00a0Diego Beltramo<\/p>\n<p>2 Michal Pochyly<\/p>\n<p>3 Rafal Gaweda von Raf &amp; Way<\/p>\n<p>&nbsp;<\/p>\n<p>&nbsp;<\/p>\n<p>[\/et_pb_text][\/et_pb_column][\/et_pb_row][\/et_pb_section]<\/p>\n","protected":false},"excerpt":{"rendered":"<p>ImpressumR\u00fcger Immobilien Inhaberin: Claudia R\u00fcger Isl\u00e4ndische Stra\u00dfe 2a 10439 Berlin Telefon: 0049 30 39886294\u00a0 E-mail: info@rueger-immobilien.de \u00a0 Umsatzsteueridentifikationsnummer: DE235878751 &nbsp; Zust\u00e4ndige Aufsichtsbeh\u00f6rde: Die Gewerbeerlaubnis gem. \u00a734 c GewO wurde erteilt [&hellip;]<\/p>\n","protected":false},"author":1,"featured_media":0,"parent":0,"menu_order":0,"comment_status":"closed","ping_status":"closed","template":"","meta":{"_et_pb_use_builder":"on","_et_pb_old_content":"","_et_gb_content_width":"","footnotes":""},"class_list":["post-57","page","type-page","status-publish","hentry"],"_links":{"self":[{"href":"https:\/\/rueger-immobilien.de\/index.php?rest_route=\/wp\/v2\/pages\/57","targetHints":{"allow":["GET"]}}],"collection":[{"href":"https:\/\/rueger-immobilien.de\/index.php?rest_route=\/wp\/v2\/pages"}],"about":[{"href":"https:\/\/rueger-immobilien.de\/index.php?rest_route=\/wp\/v2\/types\/page"}],"author":[{"embeddable":true,"href":"https:\/\/rueger-immobilien.de\/index.php?rest_route=\/wp\/v2\/users\/1"}],"replies":[{"embeddable":true,"href":"https:\/\/rueger-immobilien.de\/index.php?rest_route=%2Fwp%2Fv2%2Fcomments&post=57"}],"version-history":[{"count":6,"href":"https:\/\/rueger-immobilien.de\/index.php?rest_route=\/wp\/v2\/pages\/57\/revisions"}],"predecessor-version":[{"id":250,"href":"https:\/\/rueger-immobilien.de\/index.php?rest_route=\/wp\/v2\/pages\/57\/revisions\/250"}],"wp:attachment":[{"href":"https:\/\/rueger-immobilien.de\/index.php?rest_route=%2Fwp%2Fv2%2Fmedia&parent=57"}],"curies":[{"name":"wp","href":"https:\/\/api.w.org\/{rel}","templated":true}]}}